{"id":69,"date":"2022-11-22T15:09:58","date_gmt":"2022-11-22T14:09:58","guid":{"rendered":"https:\/\/www.mariedepoulain.fr\/?page_id=69"},"modified":"2024-11-14T09:28:58","modified_gmt":"2024-11-14T08:28:58","slug":"contact","status":"publish","type":"page","link":"https:\/\/www.mariedepoulain.fr\/index.php\/contact\/","title":{"rendered":"Contact"},"content":{"rendered":"<p>[et_pb_section fb_built=\u00a0\u00bb1&Prime; _builder_version=\u00a0\u00bb4.19.4&Prime; _module_preset=\u00a0\u00bbdefault\u00a0\u00bb background_color=\u00a0\u00bb#FFFAF5&Prime; custom_padding=\u00a0\u00bb||110px|||\u00a0\u00bb global_colors_info=\u00a0\u00bb{}\u00a0\u00bb][et_pb_row _builder_version=\u00a0\u00bb4.19.4&Prime; _module_preset=\u00a0\u00bbdefault\u00a0\u00bb global_colors_info=\u00a0\u00bb{}\u00a0\u00bb][et_pb_column type=\u00a0\u00bb4_4&Prime; _builder_version=\u00a0\u00bb4.19.4&Prime; _module_preset=\u00a0\u00bbdefault\u00a0\u00bb global_colors_info=\u00a0\u00bb{}\u00a0\u00bb][et_pb_text _builder_version=\u00a0\u00bb4.19.4&Prime; _module_preset=\u00a0\u00bbdefault\u00a0\u00bb header_font_size=\u00a0\u00bb60px\u00a0\u00bb global_colors_info=\u00a0\u00bb{}\u00a0\u00bb]<\/p>\n<h1 style=\"text-align: center;\">CONTACT<\/h1>\n<p>[\/et_pb_text][\/et_pb_column][\/et_pb_row][et_pb_row column_structure=\u00a0\u00bb2_5,3_5&Prime; use_custom_gutter=\u00a0\u00bbon\u00a0\u00bb gutter_width=\u00a0\u00bb4&Prime; _builder_version=\u00a0\u00bb4.19.4&Prime; _module_preset=\u00a0\u00bbdefault\u00a0\u00bb custom_padding=\u00a0\u00bb110px|||||\u00a0\u00bb global_colors_info=\u00a0\u00bb{}\u00a0\u00bb][et_pb_column type=\u00a0\u00bb2_5&Prime; _builder_version=\u00a0\u00bb4.19.4&Prime; _module_preset=\u00a0\u00bbdefault\u00a0\u00bb global_colors_info=\u00a0\u00bb{}\u00a0\u00bb][et_pb_image src=\u00a0\u00bbhttps:\/\/www.mariedepoulain.fr\/wp-content\/uploads\/2024\/09\/DSC5648-scaled.jpg\u00a0\u00bb align=\u00a0\u00bbcenter\u00a0\u00bb force_fullwidth=\u00a0\u00bbon\u00a0\u00bb _builder_version=\u00a0\u00bb4.27.2&Prime; _module_preset=\u00a0\u00bbdefault\u00a0\u00bb custom_padding=\u00a0\u00bb15px|9px||||\u00a0\u00bb global_colors_info=\u00a0\u00bb{}\u00a0\u00bb][\/et_pb_image][\/et_pb_column][et_pb_column type=\u00a0\u00bb3_5&Prime; _builder_version=\u00a0\u00bb4.19.4&Prime; _module_preset=\u00a0\u00bbdefault\u00a0\u00bb global_colors_info=\u00a0\u00bb{}\u00a0\u00bb][et_pb_contact_form email=\u00a0\u00bbmarie.depoulain@gmail.com\u00a0\u00bb success_message=\u00a0\u00bbMerci ! Votre message a bien \u00e9t\u00e9 envoy\u00e9.\u00a0\u00bb submit_button_text=\u00a0\u00bbEnvoyer\u00a0\u00bb _builder_version=\u00a0\u00bb4.27.3&Prime; _module_preset=\u00a0\u00bbdefault\u00a0\u00bb _unique_id=\u00a0\u00bb939fc75c-5554-485c-a67e-231e1fe0bfc3&Prime; form_field_background_color=\u00a0\u00bb#EFE7DA\u00a0\u00bb form_field_text_color=\u00a0\u00bb#474747&Prime; title_font_size=\u00a0\u00bb36px\u00a0\u00bb title_line_height=\u00a0\u00bb1.7em\u00a0\u00bb form_field_font_size=\u00a0\u00bb15px\u00a0\u00bb custom_button=\u00a0\u00bbon\u00a0\u00bb button_text_color=\u00a0\u00bb#FFFAF5&Prime; button_bg_color=\u00a0\u00bb#474747&Prime; button_border_width=\u00a0\u00bb6px\u00a0\u00bb button_border_color=\u00a0\u00bb#474747&Prime; button_border_radius=\u00a0\u00bb1px\u00a0\u00bb button_letter_spacing=\u00a0\u00bb5px\u00a0\u00bb button_font=\u00a0\u00bb||on||||||\u00a0\u00bb text_orientation=\u00a0\u00bbleft\u00a0\u00bb custom_margin=\u00a0\u00bb16px|40px||40px|false|false\u00a0\u00bb hover_enabled=\u00a0\u00bb0&Prime; global_colors_info=\u00a0\u00bb{}\u00a0\u00bb sticky_enabled=\u00a0\u00bb0&Prime;][et_pb_contact_field field_id=\u00a0\u00bbName\u00a0\u00bb field_title=\u00a0\u00bbNom\u00a0\u00bb _builder_version=\u00a0\u00bb4.19.4&Prime; form_field_background_color=\u00a0\u00bb#EFE7DA\u00a0\u00bb global_colors_info=\u00a0\u00bb{}\u00a0\u00bb button_text_size__hover_enabled=\u00a0\u00bboff\u00a0\u00bb button_one_text_size__hover_enabled=\u00a0\u00bboff\u00a0\u00bb button_two_text_size__hover_enabled=\u00a0\u00bboff\u00a0\u00bb button_text_color__hover_enabled=\u00a0\u00bboff\u00a0\u00bb button_one_text_color__hover_enabled=\u00a0\u00bboff\u00a0\u00bb button_two_text_color__hover_enabled=\u00a0\u00bboff\u00a0\u00bb button_border_width__hover_enabled=\u00a0\u00bboff\u00a0\u00bb button_one_border_width__hover_enabled=\u00a0\u00bboff\u00a0\u00bb button_two_border_width__hover_enabled=\u00a0\u00bboff\u00a0\u00bb button_border_color__hover_enabled=\u00a0\u00bboff\u00a0\u00bb button_one_border_color__hover_enabled=\u00a0\u00bboff\u00a0\u00bb button_two_border_color__hover_enabled=\u00a0\u00bboff\u00a0\u00bb button_border_radius__hover_enabled=\u00a0\u00bboff\u00a0\u00bb button_one_border_radius__hover_enabled=\u00a0\u00bboff\u00a0\u00bb button_two_border_radius__hover_enabled=\u00a0\u00bboff\u00a0\u00bb button_letter_spacing__hover_enabled=\u00a0\u00bboff\u00a0\u00bb button_one_letter_spacing__hover_enabled=\u00a0\u00bboff\u00a0\u00bb button_two_letter_spacing__hover_enabled=\u00a0\u00bboff\u00a0\u00bb button_bg_color__hover_enabled=\u00a0\u00bboff\u00a0\u00bb button_one_bg_color__hover_enabled=\u00a0\u00bboff\u00a0\u00bb button_two_bg_color__hover_enabled=\u00a0\u00bboff\u00a0\u00bb][\/et_pb_contact_field][et_pb_contact_field field_id=\u00a0\u00bbEmail\u00a0\u00bb field_title=\u00a0\u00bbAdresse e-mail\u00a0\u00bb field_type=\u00a0\u00bbemail\u00a0\u00bb _builder_version=\u00a0\u00bb4.16&Prime; global_colors_info=\u00a0\u00bb{}\u00a0\u00bb button_text_size__hover_enabled=\u00a0\u00bboff\u00a0\u00bb button_one_text_size__hover_enabled=\u00a0\u00bboff\u00a0\u00bb button_two_text_size__hover_enabled=\u00a0\u00bboff\u00a0\u00bb button_text_color__hover_enabled=\u00a0\u00bboff\u00a0\u00bb button_one_text_color__hover_enabled=\u00a0\u00bboff\u00a0\u00bb button_two_text_color__hover_enabled=\u00a0\u00bboff\u00a0\u00bb button_border_width__hover_enabled=\u00a0\u00bboff\u00a0\u00bb button_one_border_width__hover_enabled=\u00a0\u00bboff\u00a0\u00bb button_two_border_width__hover_enabled=\u00a0\u00bboff\u00a0\u00bb button_border_color__hover_enabled=\u00a0\u00bboff\u00a0\u00bb button_one_border_color__hover_enabled=\u00a0\u00bboff\u00a0\u00bb button_two_border_color__hover_enabled=\u00a0\u00bboff\u00a0\u00bb button_border_radius__hover_enabled=\u00a0\u00bboff\u00a0\u00bb button_one_border_radius__hover_enabled=\u00a0\u00bboff\u00a0\u00bb button_two_border_radius__hover_enabled=\u00a0\u00bboff\u00a0\u00bb button_letter_spacing__hover_enabled=\u00a0\u00bboff\u00a0\u00bb button_one_letter_spacing__hover_enabled=\u00a0\u00bboff\u00a0\u00bb button_two_letter_spacing__hover_enabled=\u00a0\u00bboff\u00a0\u00bb button_bg_color__hover_enabled=\u00a0\u00bboff\u00a0\u00bb button_one_bg_color__hover_enabled=\u00a0\u00bboff\u00a0\u00bb button_two_bg_color__hover_enabled=\u00a0\u00bboff\u00a0\u00bb][\/et_pb_contact_field][et_pb_contact_field field_id=\u00a0\u00bbMessage\u00a0\u00bb field_title=\u00a0\u00bbMessage\u00a0\u00bb field_type=\u00a0\u00bbtext\u00a0\u00bb fullwidth_field=\u00a0\u00bbon\u00a0\u00bb _builder_version=\u00a0\u00bb4.16&Prime; global_colors_info=\u00a0\u00bb{}\u00a0\u00bb button_text_size__hover_enabled=\u00a0\u00bboff\u00a0\u00bb button_one_text_size__hover_enabled=\u00a0\u00bboff\u00a0\u00bb button_two_text_size__hover_enabled=\u00a0\u00bboff\u00a0\u00bb button_text_color__hover_enabled=\u00a0\u00bboff\u00a0\u00bb button_one_text_color__hover_enabled=\u00a0\u00bboff\u00a0\u00bb button_two_text_color__hover_enabled=\u00a0\u00bboff\u00a0\u00bb button_border_width__hover_enabled=\u00a0\u00bboff\u00a0\u00bb button_one_border_width__hover_enabled=\u00a0\u00bboff\u00a0\u00bb button_two_border_width__hover_enabled=\u00a0\u00bboff\u00a0\u00bb button_border_color__hover_enabled=\u00a0\u00bboff\u00a0\u00bb button_one_border_color__hover_enabled=\u00a0\u00bboff\u00a0\u00bb button_two_border_color__hover_enabled=\u00a0\u00bboff\u00a0\u00bb button_border_radius__hover_enabled=\u00a0\u00bboff\u00a0\u00bb button_one_border_radius__hover_enabled=\u00a0\u00bboff\u00a0\u00bb button_two_border_radius__hover_enabled=\u00a0\u00bboff\u00a0\u00bb button_letter_spacing__hover_enabled=\u00a0\u00bboff\u00a0\u00bb button_one_letter_spacing__hover_enabled=\u00a0\u00bboff\u00a0\u00bb button_two_letter_spacing__hover_enabled=\u00a0\u00bboff\u00a0\u00bb button_bg_color__hover_enabled=\u00a0\u00bboff\u00a0\u00bb button_one_bg_color__hover_enabled=\u00a0\u00bboff\u00a0\u00bb button_two_bg_color__hover_enabled=\u00a0\u00bboff\u00a0\u00bb][\/et_pb_contact_field][\/et_pb_contact_form][\/et_pb_column][\/et_pb_row][\/et_pb_section]<\/p>\n","protected":false},"excerpt":{"rendered":"<p>CONTACT<\/p>\n","protected":false},"author":1,"featured_media":217,"parent":0,"menu_order":0,"comment_status":"closed","ping_status":"closed","template":"","meta":{"_et_pb_use_builder":"on","_et_pb_old_content":"<!-- wp:divi\/placeholder \/-->","_et_gb_content_width":"","_monsterinsights_skip_tracking":false,"_monsterinsights_sitenote_active":false,"_monsterinsights_sitenote_note":"","_monsterinsights_sitenote_category":0,"footnotes":""},"class_list":["post-69","page","type-page","status-publish","has-post-thumbnail","hentry"],"yoast_head":"<!-- This site is optimized with the Yoast SEO plugin v24.4 - https:\/\/yoast.com\/wordpress\/plugins\/seo\/ -->\n<title>Contact - MARIE DEPOULAIN<\/title>\n<meta name=\"robots\" content=\"index, follow, max-snippet:-1, max-image-preview:large, max-video-preview:-1\" \/>\n<link rel=\"canonical\" href=\"https:\/\/www.mariedepoulain.fr\/index.php\/contact\/\" \/>\n<meta property=\"og:locale\" content=\"fr_FR\" \/>\n<meta property=\"og:type\" content=\"article\" \/>\n<meta property=\"og:title\" content=\"Contact - MARIE DEPOULAIN\" \/>\n<meta property=\"og:description\" content=\"CONTACT\" \/>\n<meta property=\"og:url\" content=\"https:\/\/www.mariedepoulain.fr\/index.php\/contact\/\" \/>\n<meta property=\"og:site_name\" content=\"MARIE DEPOULAIN\" \/>\n<meta property=\"article:modified_time\" content=\"2024-11-14T08:28:58+00:00\" \/>\n<meta property=\"og:image\" content=\"https:\/\/www.mariedepoulain.fr\/wp-content\/uploads\/2024\/09\/DSC5716-scaled.jpg\" \/>\n\t<meta property=\"og:image:width\" content=\"1707\" \/>\n\t<meta property=\"og:image:height\" content=\"2560\" \/>\n\t<meta property=\"og:image:type\" content=\"image\/jpeg\" \/>\n<meta name=\"twitter:card\" content=\"summary_large_image\" \/>\n<meta name=\"twitter:label1\" content=\"Dur\u00e9e de lecture estim\u00e9e\" \/>\n\t<meta name=\"twitter:data1\" content=\"1 minute\" \/>\n<script type=\"application\/ld+json\" class=\"yoast-schema-graph\">{\"@context\":\"https:\/\/schema.org\",\"@graph\":[{\"@type\":\"WebPage\",\"@id\":\"https:\/\/www.mariedepoulain.fr\/index.php\/contact\/\",\"url\":\"https:\/\/www.mariedepoulain.fr\/index.php\/contact\/\",\"name\":\"Contact - MARIE DEPOULAIN\",\"isPartOf\":{\"@id\":\"https:\/\/www.mariedepoulain.fr\/#website\"},\"primaryImageOfPage\":{\"@id\":\"https:\/\/www.mariedepoulain.fr\/index.php\/contact\/#primaryimage\"},\"image\":{\"@id\":\"https:\/\/www.mariedepoulain.fr\/index.php\/contact\/#primaryimage\"},\"thumbnailUrl\":\"https:\/\/www.mariedepoulain.fr\/wp-content\/uploads\/2024\/09\/DSC5716-scaled.jpg\",\"datePublished\":\"2022-11-22T14:09:58+00:00\",\"dateModified\":\"2024-11-14T08:28:58+00:00\",\"breadcrumb\":{\"@id\":\"https:\/\/www.mariedepoulain.fr\/index.php\/contact\/#breadcrumb\"},\"inLanguage\":\"fr-FR\",\"potentialAction\":[{\"@type\":\"ReadAction\",\"target\":[\"https:\/\/www.mariedepoulain.fr\/index.php\/contact\/\"]}]},{\"@type\":\"ImageObject\",\"inLanguage\":\"fr-FR\",\"@id\":\"https:\/\/www.mariedepoulain.fr\/index.php\/contact\/#primaryimage\",\"url\":\"https:\/\/www.mariedepoulain.fr\/wp-content\/uploads\/2024\/09\/DSC5716-scaled.jpg\",\"contentUrl\":\"https:\/\/www.mariedepoulain.fr\/wp-content\/uploads\/2024\/09\/DSC5716-scaled.jpg\",\"width\":1707,\"height\":2560,\"caption\":\"[#Beginning of Shooting Data Section] Taille d'image :L (8256 x 5504), FX 2024\/06\/04 12:41:22.49 Fuseau horaire\/date :UTC+1, Heure d'\u00e9t\u00e9:D\u00e9sactiv\u00e9e RAW, compression sans perte (14 bits) Nikon D850 Objectif :19mm f\/4E Focale :19mm Mode mise au point :Manuel (MF) Zone AF :Point s\u00e9lectif VR : R\u00e9glage pr\u00e9cis AF :D\u00e9sactiv\u00e9 Ouverture :f\/16 Vitesse d'obturation :1\/3s Mode d'exposition :M Correction expo. :0IL R\u00e9gl. pr\u00e9cis expo. : Mesure :Matricielle Sensibilit\u00e9 :ISO 200 Mod\u00e8le : Balance des blancs :Auto1, 0, 0 (3410K) Espace colorim\u00e9trique :Adobe RVB R\u00e9duc. bruit ISO :D\u00e9sactiv\u00e9e R\u00e9duction du bruit :D\u00e9sactiv\u00e9e D-Lighting actif :D\u00e9sactiv\u00e9 Contr\u00f4le du vignetage :D\u00e9sactiv\u00e9 Contr\u00f4le auto de la distorsion :D\u00e9sactiv\u00e9 Picture Control :[A] Automatique Fond\u00e9 sur :[A] Automatique R\u00e9glage rapide : 0.00 Accentuation :A 0.00 Clart\u00e9 :A 0.00 Contraste :A 0.00 Luminosit\u00e9 : Saturation :Automatique Teinte : Effets de filtres : Virage : Optimisation image : Mode couleur : Correction des tons : R\u00e9glage des teintes : Saturation : Accentuation : Latitude : Longitude : Altitude : R\u00e9f\u00e9rence altitude : Cap g\u00e9ographique : UTC : Sys coord : [#End of Shooting Data Section]\"},{\"@type\":\"BreadcrumbList\",\"@id\":\"https:\/\/www.mariedepoulain.fr\/index.php\/contact\/#breadcrumb\",\"itemListElement\":[{\"@type\":\"ListItem\",\"position\":1,\"name\":\"Accueil\",\"item\":\"https:\/\/www.mariedepoulain.fr\/\"},{\"@type\":\"ListItem\",\"position\":2,\"name\":\"Contact\"}]},{\"@type\":\"WebSite\",\"@id\":\"https:\/\/www.mariedepoulain.fr\/#website\",\"url\":\"https:\/\/www.mariedepoulain.fr\/\",\"name\":\"MARIE DEPOULAIN\",\"description\":\"K\u00e9ratoth\u00e9rapeute &amp; Facialiste\",\"potentialAction\":[{\"@type\":\"SearchAction\",\"target\":{\"@type\":\"EntryPoint\",\"urlTemplate\":\"https:\/\/www.mariedepoulain.fr\/?s={search_term_string}\"},\"query-input\":{\"@type\":\"PropertyValueSpecification\",\"valueRequired\":true,\"valueName\":\"search_term_string\"}}],\"inLanguage\":\"fr-FR\"}]}<\/script>\n<!-- \/ Yoast SEO plugin. -->","yoast_head_json":{"title":"Contact - MARIE DEPOULAIN","robots":{"index":"index","follow":"follow","max-snippet":"max-snippet:-1","max-image-preview":"max-image-preview:large","max-video-preview":"max-video-preview:-1"},"canonical":"https:\/\/www.mariedepoulain.fr\/index.php\/contact\/","og_locale":"fr_FR","og_type":"article","og_title":"Contact - MARIE DEPOULAIN","og_description":"CONTACT","og_url":"https:\/\/www.mariedepoulain.fr\/index.php\/contact\/","og_site_name":"MARIE DEPOULAIN","article_modified_time":"2024-11-14T08:28:58+00:00","og_image":[{"width":1707,"height":2560,"url":"https:\/\/www.mariedepoulain.fr\/wp-content\/uploads\/2024\/09\/DSC5716-scaled.jpg","type":"image\/jpeg"}],"twitter_card":"summary_large_image","twitter_misc":{"Dur\u00e9e de lecture estim\u00e9e":"1 minute"},"schema":{"@context":"https:\/\/schema.org","@graph":[{"@type":"WebPage","@id":"https:\/\/www.mariedepoulain.fr\/index.php\/contact\/","url":"https:\/\/www.mariedepoulain.fr\/index.php\/contact\/","name":"Contact - MARIE DEPOULAIN","isPartOf":{"@id":"https:\/\/www.mariedepoulain.fr\/#website"},"primaryImageOfPage":{"@id":"https:\/\/www.mariedepoulain.fr\/index.php\/contact\/#primaryimage"},"image":{"@id":"https:\/\/www.mariedepoulain.fr\/index.php\/contact\/#primaryimage"},"thumbnailUrl":"https:\/\/www.mariedepoulain.fr\/wp-content\/uploads\/2024\/09\/DSC5716-scaled.jpg","datePublished":"2022-11-22T14:09:58+00:00","dateModified":"2024-11-14T08:28:58+00:00","breadcrumb":{"@id":"https:\/\/www.mariedepoulain.fr\/index.php\/contact\/#breadcrumb"},"inLanguage":"fr-FR","potentialAction":[{"@type":"ReadAction","target":["https:\/\/www.mariedepoulain.fr\/index.php\/contact\/"]}]},{"@type":"ImageObject","inLanguage":"fr-FR","@id":"https:\/\/www.mariedepoulain.fr\/index.php\/contact\/#primaryimage","url":"https:\/\/www.mariedepoulain.fr\/wp-content\/uploads\/2024\/09\/DSC5716-scaled.jpg","contentUrl":"https:\/\/www.mariedepoulain.fr\/wp-content\/uploads\/2024\/09\/DSC5716-scaled.jpg","width":1707,"height":2560,"caption":"[#Beginning of Shooting Data Section] Taille d'image :L (8256 x 5504), FX 2024\/06\/04 12:41:22.49 Fuseau horaire\/date :UTC+1, Heure d'\u00e9t\u00e9:D\u00e9sactiv\u00e9e RAW, compression sans perte (14 bits) Nikon D850 Objectif :19mm f\/4E Focale :19mm Mode mise au point :Manuel (MF) Zone AF :Point s\u00e9lectif VR : R\u00e9glage pr\u00e9cis AF :D\u00e9sactiv\u00e9 Ouverture :f\/16 Vitesse d'obturation :1\/3s Mode d'exposition :M Correction expo. :0IL R\u00e9gl. pr\u00e9cis expo. : Mesure :Matricielle Sensibilit\u00e9 :ISO 200 Mod\u00e8le : Balance des blancs :Auto1, 0, 0 (3410K) Espace colorim\u00e9trique :Adobe RVB R\u00e9duc. bruit ISO :D\u00e9sactiv\u00e9e R\u00e9duction du bruit :D\u00e9sactiv\u00e9e D-Lighting actif :D\u00e9sactiv\u00e9 Contr\u00f4le du vignetage :D\u00e9sactiv\u00e9 Contr\u00f4le auto de la distorsion :D\u00e9sactiv\u00e9 Picture Control :[A] Automatique Fond\u00e9 sur :[A] Automatique R\u00e9glage rapide : 0.00 Accentuation :A 0.00 Clart\u00e9 :A 0.00 Contraste :A 0.00 Luminosit\u00e9 : Saturation :Automatique Teinte : Effets de filtres : Virage : Optimisation image : Mode couleur : Correction des tons : R\u00e9glage des teintes : Saturation : Accentuation : Latitude : Longitude : Altitude : R\u00e9f\u00e9rence altitude : Cap g\u00e9ographique : UTC : Sys coord : [#End of Shooting Data Section]"},{"@type":"BreadcrumbList","@id":"https:\/\/www.mariedepoulain.fr\/index.php\/contact\/#breadcrumb","itemListElement":[{"@type":"ListItem","position":1,"name":"Accueil","item":"https:\/\/www.mariedepoulain.fr\/"},{"@type":"ListItem","position":2,"name":"Contact"}]},{"@type":"WebSite","@id":"https:\/\/www.mariedepoulain.fr\/#website","url":"https:\/\/www.mariedepoulain.fr\/","name":"MARIE DEPOULAIN","description":"K\u00e9ratoth\u00e9rapeute &amp; Facialiste","potentialAction":[{"@type":"SearchAction","target":{"@type":"EntryPoint","urlTemplate":"https:\/\/www.mariedepoulain.fr\/?s={search_term_string}"},"query-input":{"@type":"PropertyValueSpecification","valueRequired":true,"valueName":"search_term_string"}}],"inLanguage":"fr-FR"}]}},"_links":{"self":[{"href":"https:\/\/www.mariedepoulain.fr\/index.php\/wp-json\/wp\/v2\/pages\/69","targetHints":{"allow":["GET"]}}],"collection":[{"href":"https:\/\/www.mariedepoulain.fr\/index.php\/wp-json\/wp\/v2\/pages"}],"about":[{"href":"https:\/\/www.mariedepoulain.fr\/index.php\/wp-json\/wp\/v2\/types\/page"}],"author":[{"embeddable":true,"href":"https:\/\/www.mariedepoulain.fr\/index.php\/wp-json\/wp\/v2\/users\/1"}],"replies":[{"embeddable":true,"href":"https:\/\/www.mariedepoulain.fr\/index.php\/wp-json\/wp\/v2\/comments?post=69"}],"version-history":[{"count":13,"href":"https:\/\/www.mariedepoulain.fr\/index.php\/wp-json\/wp\/v2\/pages\/69\/revisions"}],"predecessor-version":[{"id":278,"href":"https:\/\/www.mariedepoulain.fr\/index.php\/wp-json\/wp\/v2\/pages\/69\/revisions\/278"}],"wp:featuredmedia":[{"embeddable":true,"href":"https:\/\/www.mariedepoulain.fr\/index.php\/wp-json\/wp\/v2\/media\/217"}],"wp:attachment":[{"href":"https:\/\/www.mariedepoulain.fr\/index.php\/wp-json\/wp\/v2\/media?parent=69"}],"curies":[{"name":"wp","href":"https:\/\/api.w.org\/{rel}","templated":true}]}}